{"id":4751,"date":"2017-01-29T14:32:07","date_gmt":"2017-01-29T14:32:07","guid":{"rendered":"http:\/\/wilqueserlacher.com\/wp\/?page_id=4751"},"modified":"2019-11-24T11:51:30","modified_gmt":"2019-11-24T11:51:30","slug":"coaching-de-vendas","status":"publish","type":"page","link":"https:\/\/wilqueserlacher.com\/wp\/coaching-de-vendas\/","title":{"rendered":"Coaching de Vendas"},"content":{"rendered":"\n<p><span style=\"font-family: arial, helvetica, sans-serif; font-size: 14pt;\">hoje em dia deparamo-nos com consumidores muito mais informados e atentos aos seus direitos e numa procura constante de mais&nbsp;conhecimentos. <\/span><\/p>\n\n\n\n<p><span style=\"font-family: arial, helvetica, sans-serif; font-size: 14pt;\">O&nbsp;mundo mudou e os vendedores necessitam de acompanhar esse desenvolvimento. <\/span><\/p>\n\n\n\n<p><span style=\"font-family: arial, helvetica, sans-serif; font-size: 14pt;\">Mais do que um bom atendimento, os clientes querem um relacionamento transparente e de confian\u00e7a. Para atender estas exig\u00eancias, \u00e9 preciso haver uma nova postura e uma nova forma de agir por parte dos vendedores.<\/span><\/p>\n\n\n\n<p><span style=\"font-family: arial, helvetica, sans-serif; font-size: 14pt;\">Vender \u00e9 uma tarefa que exige do profissional muita habilidade para lidar com os mais diversos tipos de clientes, gostos, comportamento e prefer\u00eancias al\u00e9m de conhecimentos necess\u00e1rios sobre os produtos que vende. <\/span><\/p>\n\n\n\n<p><span style=\"font-family: arial, helvetica, sans-serif; font-size: 14pt;\">Mas, para atender efetivamente os clientes \u00e9 preciso compreender como eles&nbsp;respondem as diferentes abordagens e como agir para desenvolver e concluir a venda.<\/span><\/p>\n\n\n\n<p><span style=\"font-family: arial, helvetica, sans-serif; font-size: 14pt;\">Para atingir este fim, uno&nbsp;as melhores t\u00e9cnicas de vendas com as mais poderosas ferramentas de Coaching. <\/span><\/p>\n\n\n\n<p><span style=\"font-family: arial, helvetica, sans-serif; font-size: 14pt;\">E o que \u00e9 ent\u00e3o o&nbsp;<strong>Coaching de Vendas<\/strong>? <\/span><\/p>\n\n\n\n<p><span style=\"font-family: arial, helvetica, sans-serif; font-size: 14pt;\">Nada mais que um processo de desenvolvimento humano capaz de levar uma pessoa a atingir um objectivo previamente definido, desenvolvendo as suas habilidades e as suas compet\u00eancias.<\/span><\/p>\n\n\n\n<p><span style=\"font-family: arial, helvetica, sans-serif; font-size: 14pt;\">O processo consiste em auxiliar o vendedor no autoconhecimento, identificar as suas habilidades e mudan\u00e7as de comportamento e depois aumentar a sua seguran\u00e7a pessoal para o desenvolvimento da sua atividade.<\/span><\/p>\n\n\n\n<p><span style=\"font-family: arial, helvetica, sans-serif; font-size: 14pt;\">O m\u00e9todo ajuda em processos de negocia\u00e7\u00f5es com clientes, uma vez que os profissionais se tornam aptos a identificar padr\u00f5es de comportamento permitindo entender a forma de pensar e agir de seus clientes.<\/span><\/p>\n\n\n\n<p><strong><span style=\"font-family: arial, helvetica, sans-serif; font-size: 14pt;\">Para que contratar Coaching de Vendas?<\/span><\/strong><\/p>\n\n\n\n<p><span style=\"font-family: arial, helvetica, sans-serif; font-size: 14pt;\">Para permitir que o profissional de vendas saiba tirar o melhor partido das ferramentas aprendidas no seu dia a dia, assim sendo a assimila\u00e7\u00e3o destes conhecimentos vai permitir:<\/span><\/p>\n\n\n\n<ol class=\"wp-block-list\"><li><span style=\"font-family: arial, helvetica, sans-serif; font-size: 14pt;\">Planear o que desejar alcan\u00e7ar, estudar o perfil do cliente, montar estrat\u00e9gias bem definidas e criar novas abordagens;<\/span><\/li><li><span style=\"font-family: arial, helvetica, sans-serif; font-size: 14pt;\">Saber obter o m\u00e1ximo de informa\u00e7\u00f5es para poder fazer as perguntas certas quando estiver com o cliente e assim criar oportunidades espec\u00edficas para cada tipo de cliente;<\/span><\/li><li><span style=\"font-family: arial, helvetica, sans-serif; font-size: 14pt;\">Ao&nbsp;fazer as perguntas certas, conseguir\u00e1 que o cliente fale abertamente sobre os seus problemas e necessidades.&nbsp;<\/span><\/li><li><span style=\"font-family: arial, helvetica, sans-serif; font-size: 14pt;\">Aprender como criar liga\u00e7\u00f5es fortes e de confian\u00e7a com os seus clientes.<\/span><\/li><li><span style=\"font-family: arial, helvetica, sans-serif; font-size: 14pt;\">Conhecendo a fundo as ferramentas de Coaching ser\u00e1 poss\u00edvel minimizar consideravelmente as resist\u00eancias e as obje\u00e7\u00f5es e conduzir o cliente a encontrar a solu\u00e7\u00e3o que mais lhe agrada.<\/span><\/li><li><span style=\"font-family: arial, helvetica, sans-serif; font-size: 14pt;\">Todo produto ou servi\u00e7o deve ter um valor agregado e cabe ao vendedor, atrav\u00e9s do questionamento, levar o cliente a perceber o valor\/benef\u00edcio da compra de acordo com seu pr\u00f3prio ponto de vista.<\/span><\/li><\/ol>\n\n\n\n<h2 class=\"wp-block-heading\">Mais informa\u00e7\u00f5es:<\/h2>\n\n\n<p>[contact-form-7 id=&#8221;5250&#8243; title=&#8221;InfoTiposCoaching&#8221;]<\/p>\n","protected":false},"excerpt":{"rendered":"<p>Vender \u00e9 uma tarefa que exige do profissional muita habilidade para lidar com os mais diversos tipos de clientes, gostos, comportamento e prefer\u00eancias. Para atender efetivamente os clientes \u00e9 preciso compreender como eles\u00a0respondem as diferentes abordagens e como agir para desenvolver e concluir a venda. Deve saber unir\u00a0as melhores t\u00e9cnicas de vendas com as mais poderosas ferramentas de Coaching.<\/p>\n","protected":false},"author":1,"featured_media":6539,"parent":0,"menu_order":0,"comment_status":"closed","ping_status":"closed","template":"","meta":{"footnotes":""},"class_list":["post-4751","page","type-page","status-publish","has-post-thumbnail","hentry"],"_links":{"self":[{"href":"https:\/\/wilqueserlacher.com\/wp\/wp-json\/wp\/v2\/pages\/4751","targetHints":{"allow":["GET"]}}],"collection":[{"href":"https:\/\/wilqueserlacher.com\/wp\/wp-json\/wp\/v2\/pages"}],"about":[{"href":"https:\/\/wilqueserlacher.com\/wp\/wp-json\/wp\/v2\/types\/page"}],"author":[{"embeddable":true,"href":"https:\/\/wilqueserlacher.com\/wp\/wp-json\/wp\/v2\/users\/1"}],"replies":[{"embeddable":true,"href":"https:\/\/wilqueserlacher.com\/wp\/wp-json\/wp\/v2\/comments?post=4751"}],"version-history":[{"count":1,"href":"https:\/\/wilqueserlacher.com\/wp\/wp-json\/wp\/v2\/pages\/4751\/revisions"}],"predecessor-version":[{"id":6532,"href":"https:\/\/wilqueserlacher.com\/wp\/wp-json\/wp\/v2\/pages\/4751\/revisions\/6532"}],"wp:featuredmedia":[{"embeddable":true,"href":"https:\/\/wilqueserlacher.com\/wp\/wp-json\/wp\/v2\/media\/6539"}],"wp:attachment":[{"href":"https:\/\/wilqueserlacher.com\/wp\/wp-json\/wp\/v2\/media?parent=4751"}],"curies":[{"name":"wp","href":"https:\/\/api.w.org\/{rel}","templated":true}]}}